{"id":1311,"date":"2021-12-23T09:57:07","date_gmt":"2021-12-23T07:57:07","guid":{"rendered":"https:\/\/ritmic-com.ro\/rural-waste-collection-program-community\/"},"modified":"2022-01-06T10:47:30","modified_gmt":"2022-01-06T08:47:30","slug":"rural-waste-collection-program-community","status":"publish","type":"page","link":"https:\/\/ritmic-com.ro\/en\/rural-waste-collection-program-community\/","title":{"rendered":"Rural waste collection program &#8211; community"},"content":{"rendered":"\t\t<div data-elementor-type=\"wp-page\" data-elementor-id=\"1311\" class=\"elementor elementor-1311 elementor-748\" data-elementor-post-type=\"page\">\n\t\t\t\t\t\t<section class=\"elementor-section elementor-top-section elementor-element elementor-element-f24d2ca elementor-section-boxed elementor-section-height-default elementor-section-height-default\" data-id=\"f24d2ca\" data-element_type=\"section\" data-e-type=\"section\" data-settings=\"{&quot;background_background&quot;:&quot;classic&quot;}\">\n\t\t\t\t\t\t\t<div class=\"elementor-background-overlay\"><\/div>\n\t\t\t\t\t\t\t<div class=\"elementor-container elementor-column-gap-default\">\n\t\t\t\t\t<div class=\"elementor-column elementor-col-100 elementor-top-column elementor-element elementor-element-2ee79cf\" data-id=\"2ee79cf\" data-element_type=\"column\" data-e-type=\"column\">\n\t\t\t<div class=\"elementor-widget-wrap elementor-element-populated\">\n\t\t\t\t\t\t<div class=\"elementor-element elementor-element-c4afcc3 elementor-widget elementor-widget-heading\" data-id=\"c4afcc3\" data-element_type=\"widget\" data-e-type=\"widget\" data-widget_type=\"heading.default\">\n\t\t\t\t<div class=\"elementor-widget-container\">\n\t\t\t\t\t<h1 class=\"elementor-heading-title elementor-size-default\">Rural waste collection program <\/h1>\t\t\t\t<\/div>\n\t\t\t\t<\/div>\n\t\t\t\t\t<\/div>\n\t\t<\/div>\n\t\t\t\t\t<\/div>\n\t\t<\/section>\n\t\t\t\t<section class=\"elementor-section elementor-top-section elementor-element elementor-element-1290ffc elementor-section-content-middle elementor-section-boxed elementor-section-height-default elementor-section-height-default\" data-id=\"1290ffc\" data-element_type=\"section\" data-e-type=\"section\" data-settings=\"{&quot;background_background&quot;:&quot;classic&quot;}\">\n\t\t\t\t\t\t\t<div class=\"elementor-background-overlay\"><\/div>\n\t\t\t\t\t\t\t<div class=\"elementor-container elementor-column-gap-no\">\n\t\t\t\t\t<div class=\"elementor-column elementor-col-100 elementor-top-column elementor-element elementor-element-4ea07ba\" data-id=\"4ea07ba\" data-element_type=\"column\" data-e-type=\"column\">\n\t\t\t<div class=\"elementor-widget-wrap elementor-element-populated\">\n\t\t\t\t\t\t<div class=\"elementor-element elementor-element-725c8d2 elementor-widget elementor-widget-heading\" data-id=\"725c8d2\" data-element_type=\"widget\" data-e-type=\"widget\" data-widget_type=\"heading.default\">\n\t\t\t\t<div class=\"elementor-widget-container\">\n\t\t\t\t\t<h2 class=\"elementor-heading-title elementor-size-default\">Community<\/h2>\t\t\t\t<\/div>\n\t\t\t\t<\/div>\n\t\t\t\t<div class=\"elementor-element elementor-element-3802c95 elementor-widget elementor-widget-shortcode\" data-id=\"3802c95\" data-element_type=\"widget\" data-e-type=\"widget\" data-widget_type=\"shortcode.default\">\n\t\t\t\t<div class=\"elementor-widget-container\">\n\t\t\t\t\t\t\t<div class=\"elementor-shortcode\">\n<table id=\"tablepress-3\" class=\"tablepress tablepress-id-3\">\n<thead>\n<tr class=\"row-1\">\n\t<th class=\"column-1\">Nr Crt<\/th><th class=\"column-2\">Beneficiari<\/th><th class=\"column-3\">S1 Frac\u021bie umed\u0103<\/th><th class=\"column-4\">S1 Frac\u021bie uscat\u0103<\/th><th class=\"column-5\">S2 Frac\u021bie umed\u0103<\/th><th class=\"column-6\">S2 Frac\u021bie uscat\u0103<\/th><th class=\"column-7\">S3 Frac\u021bie umed\u0103<\/th><th class=\"column-8\">S3 Frac\u021bie uscat\u0103<\/th><th class=\"column-9\">S4 Frac\u021bie umed\u0103<\/th><th class=\"column-10\">S4 Frac\u021bie uscat\u0103<\/th><th class=\"column-11\">Observatii<\/th>\n<\/tr>\n<\/thead>\n<tbody class=\"row-striping row-hover\">\n<tr class=\"row-2\">\n\t<td class=\"column-1\">1<\/td><td class=\"column-2\">B\u0103l\u0103ceana<\/td><td class=\"column-3\">Vineri<\/td><td class=\"column-4\">S\u00e2mb\u0103t\u0103<\/td><td class=\"column-5\">Vineri<\/td><td class=\"column-6\"><\/td><td class=\"column-7\">Vineri<\/td><td class=\"column-8\"><\/td><td class=\"column-9\">Vineri<\/td><td class=\"column-10\"><\/td><td class=\"column-11\"><\/td>\n<\/tr>\n<tr class=\"row-3\">\n\t<td class=\"column-1\">2<\/td><td class=\"column-2\">Berchi\u0219e\u0219ti<\/td><td class=\"column-3\">Luni<\/td><td class=\"column-4\"><\/td><td class=\"column-5\">Luni<\/td><td class=\"column-6\"><\/td><td class=\"column-7\">Luni<\/td><td class=\"column-8\"><\/td><td class=\"column-9\">Luni<\/td><td class=\"column-10\"><\/td><td class=\"column-11\"><\/td>\n<\/tr>\n<tr class=\"row-4\">\n\t<td class=\"column-1\">3<\/td><td class=\"column-2\">Bro\u0219teni<\/td><td class=\"column-3\">Joi-Vineri<\/td><td class=\"column-4\">Mar\u021bi<\/td><td class=\"column-5\">Joi-Vineri<\/td><td class=\"column-6\">Mar\u021bi<\/td><td class=\"column-7\">Joi-Vineri<\/td><td class=\"column-8\">Mar\u021bi<\/td><td class=\"column-9\">Joi-Vineri<\/td><td class=\"column-10\">Mar\u021bi<\/td><td class=\"column-11\"><\/td>\n<\/tr>\n<tr class=\"row-5\">\n\t<td class=\"column-1\">4<\/td><td class=\"column-2\">Bursuceni<\/td><td class=\"column-3\">Luni<\/td><td class=\"column-4\">Luni<\/td><td class=\"column-5\">Miercuri<\/td><td class=\"column-6\"><\/td><td class=\"column-7\">Luni<\/td><td class=\"column-8\">Luni<\/td><td class=\"column-9\">Miercuri<\/td><td class=\"column-10\"><\/td><td class=\"column-11\">colectare din  dou\u0103 \u00een dou\u0103 s\u0103pt\u0103m\u00e2ni<\/td>\n<\/tr>\n<tr class=\"row-6\">\n\t<td class=\"column-1\">5<\/td><td class=\"column-2\">Capu C\u00e2mpului<\/td><td class=\"column-3\">Joi<\/td><td class=\"column-4\"><\/td><td class=\"column-5\"><\/td><td class=\"column-6\">Joi<\/td><td class=\"column-7\">Joi<\/td><td class=\"column-8\"><\/td><td class=\"column-9\"><\/td><td class=\"column-10\">Joi<\/td><td class=\"column-11\"><\/td>\n<\/tr>\n<tr class=\"row-7\">\n\t<td class=\"column-1\">6<\/td><td class=\"column-2\">Ciprian Porumbescu<\/td><td class=\"column-3\">Miercuri<\/td><td class=\"column-4\"><\/td><td class=\"column-5\">Miercuri<\/td><td class=\"column-6\"><\/td><td class=\"column-7\">Miercuri<\/td><td class=\"column-8\"><\/td><td class=\"column-9\">Miercuri<\/td><td class=\"column-10\"><\/td><td class=\"column-11\"><\/td>\n<\/tr>\n<tr class=\"row-8\">\n\t<td class=\"column-1\">7<\/td><td class=\"column-2\">Coroc\u0103ie\u0219ti<\/td><td class=\"column-3\">Mar\u021bi<\/td><td class=\"column-4\">Mar\u021bi<\/td><td class=\"column-5\">Miercuri<\/td><td class=\"column-6\"><\/td><td class=\"column-7\">Mar\u021bi<\/td><td class=\"column-8\">Marti<\/td><td class=\"column-9\">Miercuri<\/td><td class=\"column-10\"><\/td><td class=\"column-11\">colectare din dou\u0103 \u00een dou\u0103 s\u0103pt\u0103m\u00e2ni<\/td>\n<\/tr>\n<tr class=\"row-9\">\n\t<td class=\"column-1\">8<\/td><td class=\"column-2\">Crucea<\/td><td class=\"column-3\">Vineri<\/td><td class=\"column-4\"><\/td><td class=\"column-5\">Vineri<\/td><td class=\"column-6\"><\/td><td class=\"column-7\">Vineri<\/td><td class=\"column-8\"><\/td><td class=\"column-9\">Vineri<\/td><td class=\"column-10\"><\/td><td class=\"column-11\"><\/td>\n<\/tr>\n<tr class=\"row-10\">\n\t<td class=\"column-1\">9<\/td><td class=\"column-2\">Dolhe\u0219ti<\/td><td class=\"column-3\"><\/td><td class=\"column-4\"><\/td><td class=\"column-5\">Miercuri<\/td><td class=\"column-6\"><\/td><td class=\"column-7\"><\/td><td class=\"column-8\"><\/td><td class=\"column-9\">Miercuri<\/td><td class=\"column-10\"><\/td><td class=\"column-11\"><\/td>\n<\/tr>\n<tr class=\"row-11\">\n\t<td class=\"column-1\">10<\/td><td class=\"column-2\">Dumbr\u0103veni<\/td><td class=\"column-3\">Luni-Joi, S\u00e2mb\u0103t\u0103<\/td><td class=\"column-4\"><\/td><td class=\"column-5\">Luni-Joi<\/td><td class=\"column-6\"><\/td><td class=\"column-7\">Miercuri<\/td><td class=\"column-8\"><\/td><td class=\"column-9\"><\/td><td class=\"column-10\">Luni-Miercuri<\/td><td class=\"column-11\"><\/td>\n<\/tr>\n<tr class=\"row-12\">\n\t<td class=\"column-1\">11<\/td><td class=\"column-2\">F\u00e2nt\u00e2nele<\/td><td class=\"column-3\"><\/td><td class=\"column-4\"><\/td><td class=\"column-5\"><\/td><td class=\"column-6\"><\/td><td class=\"column-7\">Luni-Mar\u021bi<\/td><td class=\"column-8\"><\/td><td class=\"column-9\"><\/td><td class=\"column-10\">Luni-Mar\u021bi<\/td><td class=\"column-11\"><\/td>\n<\/tr>\n<tr class=\"row-13\">\n\t<td class=\"column-1\">12<\/td><td class=\"column-2\">Frasin<\/td><td class=\"column-3\">Vineri<\/td><td class=\"column-4\">Vineri<\/td><td class=\"column-5\">Vineri<\/td><td class=\"column-6\">Vineri<\/td><td class=\"column-7\">Vineri<\/td><td class=\"column-8\">Vineri<\/td><td class=\"column-9\">Vineri<\/td><td class=\"column-10\">Vineri<\/td><td class=\"column-11\"><\/td>\n<\/tr>\n<tr class=\"row-14\">\n\t<td class=\"column-1\">13<\/td><td class=\"column-2\">Ili\u0219e\u0219ti<\/td><td class=\"column-3\">Miercuri<\/td><td class=\"column-4\"><\/td><td class=\"column-5\">Miercuri<\/td><td class=\"column-6\"><\/td><td class=\"column-7\">Miercuri<\/td><td class=\"column-8\"><\/td><td class=\"column-9\">Miercuri<\/td><td class=\"column-10\">Joi<\/td><td class=\"column-11\"><\/td>\n<\/tr>\n<tr class=\"row-15\">\n\t<td class=\"column-1\">14<\/td><td class=\"column-2\">Liteni<\/td><td class=\"column-3\"><\/td><td class=\"column-4\">Mar\u021bi\/Joi<\/td><td class=\"column-5\"><\/td><td class=\"column-6\">Mar\u021bi\/Joi<\/td><td class=\"column-7\"><\/td><td class=\"column-8\">Mar\u021bi\/Joi<\/td><td class=\"column-9\"><\/td><td class=\"column-10\">Mar\u021bi\/Joi<\/td><td class=\"column-11\"><\/td>\n<\/tr>\n<tr class=\"row-16\">\n\t<td class=\"column-1\">15<\/td><td class=\"column-2\">M\u0103n\u0103stirea Humorului<\/td><td class=\"column-3\">Miercuri<\/td><td class=\"column-4\">Luni<\/td><td class=\"column-5\">Miercuri<\/td><td class=\"column-6\">Luni<\/td><td class=\"column-7\">Miercuri<\/td><td class=\"column-8\">Luni<\/td><td class=\"column-9\">Miercuri<\/td><td class=\"column-10\">Luni<\/td><td class=\"column-11\">colectarea se face luni \u00eentre orele 07-13<\/td>\n<\/tr>\n<tr class=\"row-17\">\n\t<td class=\"column-1\">16<\/td><td class=\"column-2\">Mereni<\/td><td class=\"column-3\">Luni<\/td><td class=\"column-4\"><\/td><td class=\"column-5\">Joi<\/td><td class=\"column-6\">Joi<\/td><td class=\"column-7\">Luni<\/td><td class=\"column-8\"><\/td><td class=\"column-9\">Joi<\/td><td class=\"column-10\">Joi<\/td><td class=\"column-11\">colectare din dou\u0103 \u00een dou\u0103 s\u0103pt\u0103m\u00e2ni<\/td>\n<\/tr>\n<tr class=\"row-18\">\n\t<td class=\"column-1\">17<\/td><td class=\"column-2\">Mihoveni<\/td><td class=\"column-3\">Vineri-S\u00e2mb\u0103t\u0103<\/td><td class=\"column-4\">Mar\u021bi<\/td><td class=\"column-5\">Vineri-S\u00e2mb\u0103t\u0103<\/td><td class=\"column-6\">Mar\u021bi<\/td><td class=\"column-7\">Vineri-S\u00e2mb\u0103t\u0103<\/td><td class=\"column-8\">Mar\u021bi<\/td><td class=\"column-9\">Vineri-S\u00e2mb\u0103t\u0103<\/td><td class=\"column-10\">Mar\u021bi<\/td><td class=\"column-11\"><\/td>\n<\/tr>\n<tr class=\"row-19\">\n\t<td class=\"column-1\">18<\/td><td class=\"column-2\">Mitocu Dragomirnei<\/td><td class=\"column-3\">Luni<\/td><td class=\"column-4\"><\/td><td class=\"column-5\">Luni<\/td><td class=\"column-6\">S\u00e2mb\u0103t\u0103<\/td><td class=\"column-7\">Luni<\/td><td class=\"column-8\"><\/td><td class=\"column-9\">Luni<\/td><td class=\"column-10\">S\u00e2mb\u0103t\u0103<\/td><td class=\"column-11\"><\/td>\n<\/tr>\n<tr class=\"row-20\">\n\t<td class=\"column-1\">19<\/td><td class=\"column-2\">Moara<\/td><td class=\"column-3\">Vineri<\/td><td class=\"column-4\">Joi<\/td><td class=\"column-5\">Vineri<\/td><td class=\"column-6\">Joi<\/td><td class=\"column-7\">Vineri<\/td><td class=\"column-8\">Joi<\/td><td class=\"column-9\">Vineri<\/td><td class=\"column-10\">Joi<\/td><td class=\"column-11\"><\/td>\n<\/tr>\n<tr class=\"row-21\">\n\t<td class=\"column-1\">20<\/td><td class=\"column-2\">Paltinoasa<\/td><td class=\"column-3\"><\/td><td class=\"column-4\">Luni<\/td><td class=\"column-5\"><\/td><td class=\"column-6\">Luni<\/td><td class=\"column-7\"><\/td><td class=\"column-8\">Luni<\/td><td class=\"column-9\"><\/td><td class=\"column-10\">Luni<\/td><td class=\"column-11\"> colectarea se face luni \u00eentre orele 14-17<\/td>\n<\/tr>\n<tr class=\"row-22\">\n\t<td class=\"column-1\">21<\/td><td class=\"column-2\">P\u00e2rte\u0219tii de Jos<\/td><td class=\"column-3\"><\/td><td class=\"column-4\"><\/td><td class=\"column-5\">Vineri<\/td><td class=\"column-6\"><\/td><td class=\"column-7\"><\/td><td class=\"column-8\"><\/td><td class=\"column-9\">Vineri<\/td><td class=\"column-10\"><\/td><td class=\"column-11\"><\/td>\n<\/tr>\n<tr class=\"row-23\">\n\t<td class=\"column-1\">22<\/td><td class=\"column-2\">Plopeni<\/td><td class=\"column-3\">Luni<\/td><td class=\"column-4\"><\/td><td class=\"column-5\">Miercuri<\/td><td class=\"column-6\">Miercuri<\/td><td class=\"column-7\">Luni<\/td><td class=\"column-8\"><\/td><td class=\"column-9\">Miercuri<\/td><td class=\"column-10\">Miercuri<\/td><td class=\"column-11\"> colectare din dou\u0103 \u00een dou\u0103 s\u0103pt\u0103m\u00e2ni<\/td>\n<\/tr>\n<tr class=\"row-24\">\n\t<td class=\"column-1\">23<\/td><td class=\"column-2\">Prelipca<\/td><td class=\"column-3\">Luni<\/td><td class=\"column-4\"><\/td><td class=\"column-5\">Luni<\/td><td class=\"column-6\">Luni<\/td><td class=\"column-7\">Luni<\/td><td class=\"column-8\"><\/td><td class=\"column-9\">Luni<\/td><td class=\"column-10\">Luni<\/td><td class=\"column-11\"><\/td>\n<\/tr>\n<tr class=\"row-25\">\n\t<td class=\"column-1\">24<\/td><td class=\"column-2\">Putna<\/td><td class=\"column-3\">Luni<\/td><td class=\"column-4\">Vineri<\/td><td class=\"column-5\">Luni<\/td><td class=\"column-6\">Vineri<\/td><td class=\"column-7\">Luni<\/td><td class=\"column-8\">Vineri<\/td><td class=\"column-9\">Luni<\/td><td class=\"column-10\">Vineri<\/td><td class=\"column-11\"><\/td>\n<\/tr>\n<tr class=\"row-26\">\n\t<td class=\"column-1\">25<\/td><td class=\"column-2\">Salcea<\/td><td class=\"column-3\">Luni<\/td><td class=\"column-4\"><\/td><td class=\"column-5\">Vineri<\/td><td class=\"column-6\">Vineri<\/td><td class=\"column-7\">Luni<\/td><td class=\"column-8\"><\/td><td class=\"column-9\">Vineri<\/td><td class=\"column-10\">Vineri<\/td><td class=\"column-11\">colectare din dou\u0103 \u00een dou\u0103 s\u0103pt\u0103m\u00e2ni<\/td>\n<\/tr>\n<tr class=\"row-27\">\n\t<td class=\"column-1\">26<\/td><td class=\"column-2\">\u0218cheia<\/td><td class=\"column-3\">Miercuri-Joi<\/td><td class=\"column-4\">Mar\u021bi<\/td><td class=\"column-5\">Miercuri-Joi<\/td><td class=\"column-6\">Mar\u021bi<\/td><td class=\"column-7\">Miercuri-Joi<\/td><td class=\"column-8\">Mar\u021bi<\/td><td class=\"column-9\">Miercuri-Joi<\/td><td class=\"column-10\">Mar\u021bi<\/td><td class=\"column-11\"><\/td>\n<\/tr>\n<tr class=\"row-28\">\n\t<td class=\"column-1\">27<\/td><td class=\"column-2\">Sf\u00e2ntu Ilie<\/td><td class=\"column-3\">Luni-Mar\u021bi<\/td><td class=\"column-4\">Vineri<\/td><td class=\"column-5\">Luni-Mar\u021bi<\/td><td class=\"column-6\">Vineri<\/td><td class=\"column-7\">Luni-Mar\u021bi<\/td><td class=\"column-8\">Vineri<\/td><td class=\"column-9\">Luni-Mar\u021bi<\/td><td class=\"column-10\">Vineri<\/td><td class=\"column-11\"><\/td>\n<\/tr>\n<tr class=\"row-29\">\n\t<td class=\"column-1\">28<\/td><td class=\"column-2\">Siminicea<\/td><td class=\"column-3\"><\/td><td class=\"column-4\"><\/td><td class=\"column-5\"><\/td><td class=\"column-6\"><\/td><td class=\"column-7\"><\/td><td class=\"column-8\"><\/td><td class=\"column-9\"><\/td><td class=\"column-10\"><\/td><td class=\"column-11\"> colectarea se face la solicitare<\/td>\n<\/tr>\n<tr class=\"row-30\">\n\t<td class=\"column-1\">29<\/td><td class=\"column-2\">Stroie\u0219ti<\/td><td class=\"column-3\">Mar\u021bi<\/td><td class=\"column-4\">Vineri<\/td><td class=\"column-5\">Mar\u021bi<\/td><td class=\"column-6\"><\/td><td class=\"column-7\">Mar\u021bi<\/td><td class=\"column-8\">Vineri<\/td><td class=\"column-9\">Mar\u021bi<\/td><td class=\"column-10\"><\/td><td class=\"column-11\"><\/td>\n<\/tr>\n<tr class=\"row-31\">\n\t<td class=\"column-1\">30<\/td><td class=\"column-2\">Trei Movile \/ Florinta<\/td><td class=\"column-3\">S\u00e2mb\u0103t\u0103<\/td><td class=\"column-4\">Mar\u021bi<\/td><td class=\"column-5\">S\u00e2mb\u0103t\u0103<\/td><td class=\"column-6\">Mar\u021bi<\/td><td class=\"column-7\">S\u00e2mb\u0103t\u0103<\/td><td class=\"column-8\">Mar\u021bi<\/td><td class=\"column-9\">S\u00e2mb\u0103t\u0103<\/td><td class=\"column-10\">Marti<\/td><td class=\"column-11\"><\/td>\n<\/tr>\n<tr class=\"row-32\">\n\t<td class=\"column-1\">31<\/td><td class=\"column-2\">V\u0103ratec<\/td><td class=\"column-3\">Luni<\/td><td class=\"column-4\"><\/td><td class=\"column-5\">Mar\u021bi<\/td><td class=\"column-6\">Mar\u021bi<\/td><td class=\"column-7\">Luni<\/td><td class=\"column-8\"><\/td><td class=\"column-9\">Mar\u021bi<\/td><td class=\"column-10\">Marti<\/td><td class=\"column-11\">colectare din dou\u0103 \u00een dou\u0103 s\u0103pt\u0103m\u00e2ni<\/td>\n<\/tr>\n<tr class=\"row-33\">\n\t<td class=\"column-1\">32<\/td><td class=\"column-2\">Vatra Moldovi\u021bei<\/td><td class=\"column-3\">Miercuri<\/td><td class=\"column-4\">Joi<\/td><td class=\"column-5\">Miercuri<\/td><td class=\"column-6\">Joi<\/td><td class=\"column-7\">Miercuri<\/td><td class=\"column-8\">Joi<\/td><td class=\"column-9\">Miercuri<\/td><td class=\"column-10\">Joi<\/td><td class=\"column-11\"><\/td>\n<\/tr>\n<tr class=\"row-34\">\n\t<td class=\"column-1\">33<\/td><td class=\"column-2\">Vere\u0219ti<\/td><td class=\"column-3\">Miercuri<\/td><td class=\"column-4\">Miercuri<\/td><td class=\"column-5\">Miercuri<\/td><td class=\"column-6\"><\/td><td class=\"column-7\">Miercuri<\/td><td class=\"column-8\">Miercuri<\/td><td class=\"column-9\">Miercuri<\/td><td class=\"column-10\"><\/td><td class=\"column-11\">colectare din dou\u0103 \u00een dou\u0103 s\u0103pt\u0103m\u00e2ni<\/td>\n<\/tr>\n<tr class=\"row-35\">\n\t<td class=\"column-1\">34<\/td><td class=\"column-2\">Zamostea<\/td><td class=\"column-3\"><\/td><td class=\"column-4\"><\/td><td class=\"column-5\"><\/td><td class=\"column-6\"><\/td><td class=\"column-7\"><\/td><td class=\"column-8\"><\/td><td class=\"column-9\">Mar\u021bi<\/td><td class=\"column-10\">Joi<\/td><td class=\"column-11\"><\/td>\n<\/tr>\n<tr class=\"row-36\">\n\t<td class=\"column-1\">35<\/td><td class=\"column-2\">Zvor\u00e2\u0219tea<\/td><td class=\"column-3\">Mar\u021bi-Miercuri<\/td><td class=\"column-4\"><\/td><td class=\"column-5\"><\/td><td class=\"column-6\"><\/td><td class=\"column-7\"><\/td><td class=\"column-8\"><\/td><td class=\"column-9\"><\/td><td class=\"column-10\">Mar\u021bi-Miercuri<\/td><td class=\"column-11\"><\/td>\n<\/tr>\n<\/tbody>\n<\/table>\n<!-- #tablepress-3 from cache --><\/div>\n\t\t\t\t\t\t<\/div>\n\t\t\t\t<\/div>\n\t\t\t\t\t<\/div>\n\t\t<\/div>\n\t\t\t\t\t<\/div>\n\t\t<\/section>\n\t\t\t\t<\/div>\n\t\t","protected":false},"excerpt":{"rendered":"<p>Rural waste collection program Community<\/p>\n","protected":false},"author":1,"featured_media":0,"parent":0,"menu_order":0,"comment_status":"closed","ping_status":"closed","template":"","meta":{"site-sidebar-layout":"no-sidebar","site-content-layout":"page-builder","ast-site-content-layout":"default","site-content-style":"default","site-sidebar-style":"default","ast-global-header-display":"","ast-banner-title-visibility":"","ast-main-header-display":"","ast-hfb-above-header-display":"","ast-hfb-below-header-display":"","ast-hfb-mobile-header-display":"","site-post-title":"disabled","ast-breadcrumbs-content":"","ast-featured-img":"disabled","footer-sml-layout":"","ast-disable-related-posts":"","theme-transparent-header-meta":"enabled","adv-header-id-meta":"","stick-header-meta":"","header-above-stick-meta":"","header-main-stick-meta":"","header-below-stick-meta":"","astra-migrate-meta-layouts":"default","ast-page-background-enabled":"default","ast-page-background-meta":{"desktop":{"background-color":"","background-image":"","background-repeat":"repeat","background-position":"center center","background-size":"auto","background-attachment":"scroll","background-type":"","background-media":"","overlay-type":"","overlay-color":"","overlay-opacity":"","overlay-gradient":""},"tablet":{"background-color":"","background-image":"","background-repeat":"repeat","background-position":"center center","background-size":"auto","background-attachment":"scroll","background-type":"","background-media":"","overlay-type":"","overlay-color":"","overlay-opacity":"","overlay-gradient":""},"mobile":{"background-color":"","background-image":"","background-repeat":"repeat","background-position":"center center","background-size":"auto","background-attachment":"scroll","background-type":"","background-media":"","overlay-type":"","overlay-color":"","overlay-opacity":"","overlay-gradient":""}},"ast-content-background-meta":{"desktop":{"background-color":"var(--ast-global-color-5)","background-image":"","background-repeat":"repeat","background-position":"center center","background-size":"auto","background-attachment":"scroll","background-type":"","background-media":"","overlay-type":"","overlay-color":"","overlay-opacity":"","overlay-gradient":""},"tablet":{"background-color":"var(--ast-global-color-5)","background-image":"","background-repeat":"repeat","background-position":"center center","background-size":"auto","background-attachment":"scroll","background-type":"","background-media":"","overlay-type":"","overlay-color":"","overlay-opacity":"","overlay-gradient":""},"mobile":{"background-color":"var(--ast-global-color-5)","background-image":"","background-repeat":"repeat","background-position":"center center","background-size":"auto","background-attachment":"scroll","background-type":"","background-media":"","overlay-type":"","overlay-color":"","overlay-opacity":"","overlay-gradient":""}},"footnotes":""},"class_list":["post-1311","page","type-page","status-publish","hentry"],"aioseo_notices":[],"_links":{"self":[{"href":"https:\/\/ritmic-com.ro\/en\/wp-json\/wp\/v2\/pages\/1311","targetHints":{"allow":["GET"]}}],"collection":[{"href":"https:\/\/ritmic-com.ro\/en\/wp-json\/wp\/v2\/pages"}],"about":[{"href":"https:\/\/ritmic-com.ro\/en\/wp-json\/wp\/v2\/types\/page"}],"author":[{"embeddable":true,"href":"https:\/\/ritmic-com.ro\/en\/wp-json\/wp\/v2\/users\/1"}],"replies":[{"embeddable":true,"href":"https:\/\/ritmic-com.ro\/en\/wp-json\/wp\/v2\/comments?post=1311"}],"version-history":[{"count":3,"href":"https:\/\/ritmic-com.ro\/en\/wp-json\/wp\/v2\/pages\/1311\/revisions"}],"predecessor-version":[{"id":1515,"href":"https:\/\/ritmic-com.ro\/en\/wp-json\/wp\/v2\/pages\/1311\/revisions\/1515"}],"wp:attachment":[{"href":"https:\/\/ritmic-com.ro\/en\/wp-json\/wp\/v2\/media?parent=1311"}],"curies":[{"name":"wp","href":"https:\/\/api.w.org\/{rel}","templated":true}]}}