{"id":1313,"date":"2021-12-23T09:58:47","date_gmt":"2021-12-23T07:58:47","guid":{"rendered":"https:\/\/ritmic-com.ro\/urban-waste-collection-program-city-of-suceava\/"},"modified":"2022-01-06T10:49:32","modified_gmt":"2022-01-06T08:49:32","slug":"urban-waste-collection-program-city-of-suceava","status":"publish","type":"page","link":"https:\/\/ritmic-com.ro\/en\/urban-waste-collection-program-city-of-suceava\/","title":{"rendered":"Urban waste collection program &#8211; City of Suceava"},"content":{"rendered":"\t\t<div data-elementor-type=\"wp-page\" data-elementor-id=\"1313\" class=\"elementor elementor-1313 elementor-797\" data-elementor-post-type=\"page\">\n\t\t\t\t\t\t<section class=\"elementor-section elementor-top-section elementor-element elementor-element-1b61d43 elementor-section-boxed elementor-section-height-default elementor-section-height-default\" data-id=\"1b61d43\" data-element_type=\"section\" data-e-type=\"section\" data-settings=\"{&quot;background_background&quot;:&quot;classic&quot;}\">\n\t\t\t\t\t\t\t<div class=\"elementor-background-overlay\"><\/div>\n\t\t\t\t\t\t\t<div class=\"elementor-container elementor-column-gap-default\">\n\t\t\t\t\t<div class=\"elementor-column elementor-col-100 elementor-top-column elementor-element elementor-element-abd03fb\" data-id=\"abd03fb\" data-element_type=\"column\" data-e-type=\"column\">\n\t\t\t<div class=\"elementor-widget-wrap elementor-element-populated\">\n\t\t\t\t\t\t<div class=\"elementor-element elementor-element-67e65ba elementor-widget elementor-widget-heading\" data-id=\"67e65ba\" data-element_type=\"widget\" data-e-type=\"widget\" data-widget_type=\"heading.default\">\n\t\t\t\t<div class=\"elementor-widget-container\">\n\t\t\t\t\t<h1 class=\"elementor-heading-title elementor-size-default\">Urban waste collection program <\/h1>\t\t\t\t<\/div>\n\t\t\t\t<\/div>\n\t\t\t\t\t<\/div>\n\t\t<\/div>\n\t\t\t\t\t<\/div>\n\t\t<\/section>\n\t\t\t\t<section class=\"elementor-section elementor-top-section elementor-element elementor-element-e6e94cd elementor-section-content-middle elementor-section-boxed elementor-section-height-default elementor-section-height-default\" data-id=\"e6e94cd\" data-element_type=\"section\" data-e-type=\"section\" data-settings=\"{&quot;background_background&quot;:&quot;classic&quot;}\">\n\t\t\t\t\t\t\t<div class=\"elementor-background-overlay\"><\/div>\n\t\t\t\t\t\t\t<div class=\"elementor-container elementor-column-gap-no\">\n\t\t\t\t\t<div class=\"elementor-column elementor-col-100 elementor-top-column elementor-element elementor-element-628a984\" data-id=\"628a984\" data-element_type=\"column\" data-e-type=\"column\">\n\t\t\t<div class=\"elementor-widget-wrap elementor-element-populated\">\n\t\t\t\t\t\t<div class=\"elementor-element elementor-element-a826b25 elementor-widget elementor-widget-heading\" data-id=\"a826b25\" data-element_type=\"widget\" data-e-type=\"widget\" data-widget_type=\"heading.default\">\n\t\t\t\t<div class=\"elementor-widget-container\">\n\t\t\t\t\t<h2 class=\"elementor-heading-title elementor-size-default\">City of Suceava<\/h2>\t\t\t\t<\/div>\n\t\t\t\t<\/div>\n\t\t\t\t<div class=\"elementor-element elementor-element-0e3ec25 elementor-widget elementor-widget-shortcode\" data-id=\"0e3ec25\" data-element_type=\"widget\" data-e-type=\"widget\" data-widget_type=\"shortcode.default\">\n\t\t\t\t<div class=\"elementor-widget-container\">\n\t\t\t\t\t\t\t<div class=\"elementor-shortcode\">\n<table id=\"tablepress-4\" class=\"tablepress tablepress-id-4\">\n<thead>\n<tr class=\"row-1\">\n\t<th class=\"column-1\">Nr. crt.<\/th><th class=\"column-2\">Denumire<\/th><th class=\"column-3\">Zi colectare de\u0219euri menajere, frac\u021bia umed\u0103<\/th><th class=\"column-4\">Zi colectare de\u0219euri menajere, frac\u021bia umed\u0103<\/th>\n<\/tr>\n<\/thead>\n<tbody class=\"row-striping row-hover\">\n<tr class=\"row-2\">\n\t<td class=\"column-1\">1<\/td><td class=\"column-2\">Depoului<\/td><td class=\"column-3\">luni<\/td><td class=\"column-4\">luni<\/td>\n<\/tr>\n<tr class=\"row-3\">\n\t<td class=\"column-1\">2<\/td><td class=\"column-2\">Stadionului<\/td><td class=\"column-3\">luni<\/td><td class=\"column-4\">luni<\/td>\n<\/tr>\n<tr class=\"row-4\">\n\t<td class=\"column-1\">3<\/td><td class=\"column-2\">28 Noiembrie<\/td><td class=\"column-3\">luni<\/td><td class=\"column-4\">luni<\/td>\n<\/tr>\n<tr class=\"row-5\">\n\t<td class=\"column-1\">4<\/td><td class=\"column-2\">Mic\u0219unelelor<\/td><td class=\"column-3\">luni<\/td><td class=\"column-4\">luni<\/td>\n<\/tr>\n<tr class=\"row-6\">\n\t<td class=\"column-1\">5<\/td><td class=\"column-2\">Eraclie Porumbescu<\/td><td class=\"column-3\">luni<\/td><td class=\"column-4\">luni<\/td>\n<\/tr>\n<tr class=\"row-7\">\n\t<td class=\"column-1\">6<\/td><td class=\"column-2\">Aurel Vlaicu<\/td><td class=\"column-3\">luni<\/td><td class=\"column-4\">luni<\/td>\n<\/tr>\n<tr class=\"row-8\">\n\t<td class=\"column-1\">7<\/td><td class=\"column-2\">Liliacului<\/td><td class=\"column-3\">luni<\/td><td class=\"column-4\">luni<\/td>\n<\/tr>\n<tr class=\"row-9\">\n\t<td class=\"column-1\">8<\/td><td class=\"column-2\">Aviatorului<\/td><td class=\"column-3\">luni<\/td><td class=\"column-4\">luni<\/td>\n<\/tr>\n<tr class=\"row-10\">\n\t<td class=\"column-1\">9<\/td><td class=\"column-2\">Merilor<\/td><td class=\"column-3\">luni<\/td><td class=\"column-4\">luni<\/td>\n<\/tr>\n<tr class=\"row-11\">\n\t<td class=\"column-1\">10<\/td><td class=\"column-2\">Perilor<\/td><td class=\"column-3\">luni<\/td><td class=\"column-4\">luni<\/td>\n<\/tr>\n<tr class=\"row-12\">\n\t<td class=\"column-1\">11<\/td><td class=\"column-2\">Alexandru Voievica<\/td><td class=\"column-3\">luni<\/td><td class=\"column-4\">luni<\/td>\n<\/tr>\n<tr class=\"row-13\">\n\t<td class=\"column-1\">12<\/td><td class=\"column-2\">Crinului<\/td><td class=\"column-3\">luni<\/td><td class=\"column-4\">luni<\/td>\n<\/tr>\n<tr class=\"row-14\">\n\t<td class=\"column-1\">13<\/td><td class=\"column-2\">I.L. Caragiale<\/td><td class=\"column-3\">luni<\/td><td class=\"column-4\">luni<\/td>\n<\/tr>\n<tr class=\"row-15\">\n\t<td class=\"column-1\">14<\/td><td class=\"column-2\">Cezar Petrescu<\/td><td class=\"column-3\">luni<\/td><td class=\"column-4\">luni<\/td>\n<\/tr>\n<tr class=\"row-16\">\n\t<td class=\"column-1\">15<\/td><td class=\"column-2\">Grigore Alexandru Ghic\u0103<\/td><td class=\"column-3\">luni<\/td><td class=\"column-4\">luni<\/td>\n<\/tr>\n<tr class=\"row-17\">\n\t<td class=\"column-1\">16<\/td><td class=\"column-2\">G\u0103rii<\/td><td class=\"column-3\">luni<\/td><td class=\"column-4\">luni<\/td>\n<\/tr>\n<tr class=\"row-18\">\n\t<td class=\"column-1\">17<\/td><td class=\"column-2\">Livezilor<\/td><td class=\"column-3\">luni<\/td><td class=\"column-4\">luni<\/td>\n<\/tr>\n<tr class=\"row-19\">\n\t<td class=\"column-1\">18<\/td><td class=\"column-2\">Lipoveni<\/td><td class=\"column-3\">luni<\/td><td class=\"column-4\">luni<\/td>\n<\/tr>\n<tr class=\"row-20\">\n\t<td class=\"column-1\">19<\/td><td class=\"column-2\">Grigore Alexandru<\/td><td class=\"column-3\">luni<\/td><td class=\"column-4\">luni<\/td>\n<\/tr>\n<tr class=\"row-21\">\n\t<td class=\"column-1\">20<\/td><td class=\"column-2\">Mitocelului<\/td><td class=\"column-3\">mar\u021bi<\/td><td class=\"column-4\">mar\u021bi<\/td>\n<\/tr>\n<tr class=\"row-22\">\n\t<td class=\"column-1\">21<\/td><td class=\"column-2\">Slt.Turturica<\/td><td class=\"column-3\">mar\u021bi<\/td><td class=\"column-4\">mar\u021bi<\/td>\n<\/tr>\n<tr class=\"row-23\">\n\t<td class=\"column-1\">22<\/td><td class=\"column-2\">Decebal<\/td><td class=\"column-3\">mar\u021bi<\/td><td class=\"column-4\">mar\u021bi<\/td>\n<\/tr>\n<tr class=\"row-24\">\n\t<td class=\"column-1\">23<\/td><td class=\"column-2\">Dragomirna<\/td><td class=\"column-3\">mar\u021bi<\/td><td class=\"column-4\">mar\u021bi<\/td>\n<\/tr>\n<tr class=\"row-25\">\n\t<td class=\"column-1\">24<\/td><td class=\"column-2\">Mitocului<\/td><td class=\"column-3\">mar\u021bi<\/td><td class=\"column-4\">mar\u021bi<\/td>\n<\/tr>\n<tr class=\"row-26\">\n\t<td class=\"column-1\">25<\/td><td class=\"column-2\">C\u00e2mpului<\/td><td class=\"column-3\">mar\u021bi<\/td><td class=\"column-4\">mar\u021bi<\/td>\n<\/tr>\n<tr class=\"row-27\">\n\t<td class=\"column-1\">26<\/td><td class=\"column-2\">Barbu Lazareanu<\/td><td class=\"column-3\">mar\u021bi<\/td><td class=\"column-4\">mar\u021bi<\/td>\n<\/tr>\n<tr class=\"row-28\">\n\t<td class=\"column-1\">27<\/td><td class=\"column-2\">Emil Racovi\u021b\u0103<\/td><td class=\"column-3\">mar\u021bi<\/td><td class=\"column-4\">mar\u021bi<\/td>\n<\/tr>\n<tr class=\"row-29\">\n\t<td class=\"column-1\">28<\/td><td class=\"column-2\">Epaminoda Bucevschi<\/td><td class=\"column-3\">mar\u021bi<\/td><td class=\"column-4\">mar\u021bi<\/td>\n<\/tr>\n<tr class=\"row-30\">\n\t<td class=\"column-1\">29<\/td><td class=\"column-2\">Grigore Cobalcescu<\/td><td class=\"column-3\">mar\u021bi<\/td><td class=\"column-4\">mar\u021bi<\/td>\n<\/tr>\n<tr class=\"row-31\">\n\t<td class=\"column-1\">30<\/td><td class=\"column-2\">Alexandru Vlahuta <\/td><td class=\"column-3\">mar\u021bi<\/td><td class=\"column-4\">mar\u021bi<\/td>\n<\/tr>\n<tr class=\"row-32\">\n\t<td class=\"column-1\">31<\/td><td class=\"column-2\">Constantin Moraru<\/td><td class=\"column-3\">mar\u021bi<\/td><td class=\"column-4\">mar\u021bi<\/td>\n<\/tr>\n<tr class=\"row-33\">\n\t<td class=\"column-1\">32<\/td><td class=\"column-2\">Biruintei<\/td><td class=\"column-3\">mar\u021bi<\/td><td class=\"column-4\">mar\u021bi<\/td>\n<\/tr>\n<tr class=\"row-34\">\n\t<td class=\"column-1\">33<\/td><td class=\"column-2\">Andrei Bernath<\/td><td class=\"column-3\">mar\u021bi<\/td><td class=\"column-4\">mar\u021bi<\/td>\n<\/tr>\n<tr class=\"row-35\">\n\t<td class=\"column-1\">34<\/td><td class=\"column-2\">Muncitorului<\/td><td class=\"column-3\">mar\u021bi<\/td><td class=\"column-4\">mar\u021bi<\/td>\n<\/tr>\n<tr class=\"row-36\">\n\t<td class=\"column-1\">35<\/td><td class=\"column-2\">Aron Pumnul<\/td><td class=\"column-3\">mar\u021bi<\/td><td class=\"column-4\">mar\u021bi<\/td>\n<\/tr>\n<tr class=\"row-37\">\n\t<td class=\"column-1\">36<\/td><td class=\"column-2\">Gheorghe Stefan<\/td><td class=\"column-3\">mar\u021bi<\/td><td class=\"column-4\">mar\u021bi<\/td>\n<\/tr>\n<tr class=\"row-38\">\n\t<td class=\"column-1\">37<\/td><td class=\"column-2\">Vasile Lupu<\/td><td class=\"column-3\">mar\u021bi<\/td><td class=\"column-4\">mar\u021bi<\/td>\n<\/tr>\n<tr class=\"row-39\">\n\t<td class=\"column-1\">38<\/td><td class=\"column-2\">Barbu Delavrancea<\/td><td class=\"column-3\">mar\u021bi<\/td><td class=\"column-4\">mar\u021bi<\/td>\n<\/tr>\n<tr class=\"row-40\">\n\t<td class=\"column-1\">39<\/td><td class=\"column-2\">Zefirului<\/td><td class=\"column-3\">mar\u021bi<\/td><td class=\"column-4\">mar\u021bi<\/td>\n<\/tr>\n<tr class=\"row-41\">\n\t<td class=\"column-1\">40<\/td><td class=\"column-2\">Ic Bratianu<\/td><td class=\"column-3\">mar\u021bi<\/td><td class=\"column-4\">mar\u021bi<\/td>\n<\/tr>\n<tr class=\"row-42\">\n\t<td class=\"column-1\">41<\/td><td class=\"column-2\">Ileana Bard\u0103<\/td><td class=\"column-3\">mar\u021bi<\/td><td class=\"column-4\">mar\u021bi<\/td>\n<\/tr>\n<tr class=\"row-43\">\n\t<td class=\"column-1\">42<\/td><td class=\"column-2\">Plaiului<\/td><td class=\"column-3\">mar\u021bi<\/td><td class=\"column-4\">mar\u021bi<\/td>\n<\/tr>\n<tr class=\"row-44\">\n\t<td class=\"column-1\">43<\/td><td class=\"column-2\">Ghiocelului<\/td><td class=\"column-3\">mar\u021bi<\/td><td class=\"column-4\">mar\u021bi<\/td>\n<\/tr>\n<tr class=\"row-45\">\n\t<td class=\"column-1\">44<\/td><td class=\"column-2\">Gheorghe Doja<\/td><td class=\"column-3\">mar\u021bi<\/td><td class=\"column-4\">mar\u021bi<\/td>\n<\/tr>\n<tr class=\"row-46\">\n\t<td class=\"column-1\">45<\/td><td class=\"column-2\">Anton Holban<\/td><td class=\"column-3\">miercuri<\/td><td class=\"column-4\">miercuri<\/td>\n<\/tr>\n<tr class=\"row-47\">\n\t<td class=\"column-1\">46<\/td><td class=\"column-2\">Pictor Dumitru Dacian<\/td><td class=\"column-3\">miercuri<\/td><td class=\"column-4\">miercuri<\/td>\n<\/tr>\n<tr class=\"row-48\">\n\t<td class=\"column-1\">47<\/td><td class=\"column-2\">Eugen Lovinescu<\/td><td class=\"column-3\">miercuri<\/td><td class=\"column-4\">miercuri<\/td>\n<\/tr>\n<tr class=\"row-49\">\n\t<td class=\"column-1\">48<\/td><td class=\"column-2\">George C\u0103linescu<\/td><td class=\"column-3\">miercuri<\/td><td class=\"column-4\">miercuri<\/td>\n<\/tr>\n<tr class=\"row-50\">\n\t<td class=\"column-1\">49<\/td><td class=\"column-2\">Ion Dragoslav<\/td><td class=\"column-3\">miercuri<\/td><td class=\"column-4\">miercuri<\/td>\n<\/tr>\n<tr class=\"row-51\">\n\t<td class=\"column-1\">50<\/td><td class=\"column-2\">Mihai B\u0103cescu<\/td><td class=\"column-3\">miercuri<\/td><td class=\"column-4\">miercuri<\/td>\n<\/tr>\n<tr class=\"row-52\">\n\t<td class=\"column-1\">51<\/td><td class=\"column-2\">Nicolae Istrati<\/td><td class=\"column-3\">miercuri<\/td><td class=\"column-4\">miercuri<\/td>\n<\/tr>\n<tr class=\"row-53\">\n\t<td class=\"column-1\">52<\/td><td class=\"column-2\">Petre \u021au\u021bea<\/td><td class=\"column-3\">miercuri<\/td><td class=\"column-4\">miercuri<\/td>\n<\/tr>\n<tr class=\"row-54\">\n\t<td class=\"column-1\">53<\/td><td class=\"column-2\">Romeo Calancea<\/td><td class=\"column-3\">miercuri<\/td><td class=\"column-4\">miercuri<\/td>\n<\/tr>\n<tr class=\"row-55\">\n\t<td class=\"column-1\">54<\/td><td class=\"column-2\">Izvoarelor<\/td><td class=\"column-3\">miercuri<\/td><td class=\"column-4\">miercuri<\/td>\n<\/tr>\n<tr class=\"row-56\">\n\t<td class=\"column-1\">55<\/td><td class=\"column-2\">Lucian Blaga<\/td><td class=\"column-3\">miercuri<\/td><td class=\"column-4\">miercuri<\/td>\n<\/tr>\n<tr class=\"row-57\">\n\t<td class=\"column-1\">56<\/td><td class=\"column-2\">Severin Procopovici<\/td><td class=\"column-3\">miercuri<\/td><td class=\"column-4\">miercuri<\/td>\n<\/tr>\n<tr class=\"row-58\">\n\t<td class=\"column-1\">57<\/td><td class=\"column-2\">Morii<\/td><td class=\"column-3\">miercuri<\/td><td class=\"column-4\">miercuri<\/td>\n<\/tr>\n<tr class=\"row-59\">\n\t<td class=\"column-1\">58<\/td><td class=\"column-2\">\u0218trandului<\/td><td class=\"column-3\">miercuri<\/td><td class=\"column-4\">miercuri<\/td>\n<\/tr>\n<tr class=\"row-60\">\n\t<td class=\"column-1\">59<\/td><td class=\"column-2\">Traian Vuia<\/td><td class=\"column-3\">miercuri<\/td><td class=\"column-4\">miercuri<\/td>\n<\/tr>\n<tr class=\"row-61\">\n\t<td class=\"column-1\">60<\/td><td class=\"column-2\">Nicolae Labis<\/td><td class=\"column-3\">miercuri<\/td><td class=\"column-4\">miercuri<\/td>\n<\/tr>\n<tr class=\"row-62\">\n\t<td class=\"column-1\">61<\/td><td class=\"column-2\">Cern\u0103u\u021bi<\/td><td class=\"column-3\">miercuri<\/td><td class=\"column-4\">miercuri<\/td>\n<\/tr>\n<tr class=\"row-63\">\n\t<td class=\"column-1\">62<\/td><td class=\"column-2\">George Toparceanu<\/td><td class=\"column-3\">miercuri<\/td><td class=\"column-4\">miercuri<\/td>\n<\/tr>\n<tr class=\"row-64\">\n\t<td class=\"column-1\">63<\/td><td class=\"column-2\">Ionel Teodoreanu<\/td><td class=\"column-3\">miercuri<\/td><td class=\"column-4\">miercuri<\/td>\n<\/tr>\n<tr class=\"row-65\">\n\t<td class=\"column-1\">64<\/td><td class=\"column-2\">Bogdan Voda<\/td><td class=\"column-3\">miercuri<\/td><td class=\"column-4\">miercuri<\/td>\n<\/tr>\n<tr class=\"row-66\">\n\t<td class=\"column-1\">65<\/td><td class=\"column-2\">C\u0103r\u0103midarilor<\/td><td class=\"column-3\">miercuri<\/td><td class=\"column-4\">miercuri<\/td>\n<\/tr>\n<tr class=\"row-67\">\n\t<td class=\"column-1\">66<\/td><td class=\"column-2\">Ion Paun Pincio<\/td><td class=\"column-3\">miercuri<\/td><td class=\"column-4\">miercuri<\/td>\n<\/tr>\n<tr class=\"row-68\">\n\t<td class=\"column-1\">67<\/td><td class=\"column-2\">Lascar Lutia<\/td><td class=\"column-3\">miercuri<\/td><td class=\"column-4\">miercuri<\/td>\n<\/tr>\n<tr class=\"row-69\">\n\t<td class=\"column-1\">68<\/td><td class=\"column-2\">Mihail Kog\u0103lniceanu<\/td><td class=\"column-3\">miercuri<\/td><td class=\"column-4\">miercuri<\/td>\n<\/tr>\n<tr class=\"row-70\">\n\t<td class=\"column-1\">69<\/td><td class=\"column-2\">Mihail Sadoveanu<\/td><td class=\"column-3\">miercuri<\/td><td class=\"column-4\">miercuri<\/td>\n<\/tr>\n<tr class=\"row-71\">\n\t<td class=\"column-1\">70<\/td><td class=\"column-2\">Petuniilor<\/td><td class=\"column-3\">miercuri<\/td><td class=\"column-4\">miercuri<\/td>\n<\/tr>\n<tr class=\"row-72\">\n\t<td class=\"column-1\">71<\/td><td class=\"column-2\">Platoului<\/td><td class=\"column-3\">miercuri<\/td><td class=\"column-4\">miercuri<\/td>\n<\/tr>\n<tr class=\"row-73\">\n\t<td class=\"column-1\">72<\/td><td class=\"column-2\">Semicercului <\/td><td class=\"column-3\">miercuri<\/td><td class=\"column-4\">miercuri<\/td>\n<\/tr>\n<tr class=\"row-74\">\n\t<td class=\"column-1\">73<\/td><td class=\"column-2\">\u0218eptilici <\/td><td class=\"column-3\">miercuri<\/td><td class=\"column-4\">miercuri<\/td>\n<\/tr>\n<tr class=\"row-75\">\n\t<td class=\"column-1\">74<\/td><td class=\"column-2\">\u0218ipotului<\/td><td class=\"column-3\">miercuri<\/td><td class=\"column-4\">miercuri<\/td>\n<\/tr>\n<tr class=\"row-76\">\n\t<td class=\"column-1\">75<\/td><td class=\"column-2\">\u0218tefan Octavian Iosif<\/td><td class=\"column-3\">miercuri<\/td><td class=\"column-4\">miercuri<\/td>\n<\/tr>\n<tr class=\"row-77\">\n\t<td class=\"column-1\">76<\/td><td class=\"column-2\">T\u0103b\u0103carilor<\/td><td class=\"column-3\">miercuri<\/td><td class=\"column-4\">miercuri<\/td>\n<\/tr>\n<tr class=\"row-78\">\n\t<td class=\"column-1\">77<\/td><td class=\"column-2\">Zamcei<\/td><td class=\"column-3\">miercuri<\/td><td class=\"column-4\">miercuri<\/td>\n<\/tr>\n<tr class=\"row-79\">\n\t<td class=\"column-1\">78<\/td><td class=\"column-2\">Izvoarelor<\/td><td class=\"column-3\">miercuri<\/td><td class=\"column-4\">miercuri<\/td>\n<\/tr>\n<tr class=\"row-80\">\n\t<td class=\"column-1\">79<\/td><td class=\"column-2\">1 Decembrie 1918<\/td><td class=\"column-3\">s\u00e2mb\u0103t\u0103<\/td><td class=\"column-4\">s\u00e2mb\u0103t\u0103<\/td>\n<\/tr>\n<tr class=\"row-81\">\n\t<td class=\"column-1\">80<\/td><td class=\"column-2\">Gavril Tudora\u0219<\/td><td class=\"column-3\">s\u00e2mb\u0103t\u0103<\/td><td class=\"column-4\">s\u00e2mb\u0103t\u0103<\/td>\n<\/tr>\n<tr class=\"row-82\">\n\t<td class=\"column-1\">81<\/td><td class=\"column-2\">Sl\u0103tioarei <\/td><td class=\"column-3\">s\u00e2mb\u0103t\u0103<\/td><td class=\"column-4\">s\u00e2mb\u0103t\u0103<\/td>\n<\/tr>\n<tr class=\"row-83\">\n\t<td class=\"column-1\">82<\/td><td class=\"column-2\">F\u00e2nt\u00e2na Alb\u0103<\/td><td class=\"column-3\">s\u00e2mb\u0103t\u0103<\/td><td class=\"column-4\">s\u00e2mb\u0103t\u0103<\/td>\n<\/tr>\n<tr class=\"row-84\">\n\t<td class=\"column-1\">83<\/td><td class=\"column-2\">Bistri\u021bei<\/td><td class=\"column-3\">s\u00e2mb\u0103t\u0103<\/td><td class=\"column-4\">s\u00e2mb\u0103t\u0103<\/td>\n<\/tr>\n<tr class=\"row-85\">\n\t<td class=\"column-1\">84<\/td><td class=\"column-2\">Ion Irimescu<\/td><td class=\"column-3\">s\u00e2mb\u0103t\u0103<\/td><td class=\"column-4\">s\u00e2mb\u0103t\u0103<\/td>\n<\/tr>\n<tr class=\"row-86\">\n\t<td class=\"column-1\">85<\/td><td class=\"column-2\">Castanilor<\/td><td class=\"column-3\">s\u00e2mb\u0103t\u0103<\/td><td class=\"column-4\">s\u00e2mb\u0103t\u0103<\/td>\n<\/tr>\n<tr class=\"row-87\">\n\t<td class=\"column-1\">86<\/td><td class=\"column-2\">Victoriei<\/td><td class=\"column-3\">s\u00e2mb\u0103t\u0103<\/td><td class=\"column-4\">s\u00e2mb\u0103t\u0103<\/td>\n<\/tr>\n<tr class=\"row-88\">\n\t<td class=\"column-1\">87<\/td><td class=\"column-2\">Traian \u021a\u0103ranu<\/td><td class=\"column-3\">s\u00e2mb\u0103t\u0103<\/td><td class=\"column-4\">s\u00e2mb\u0103t\u0103<\/td>\n<\/tr>\n<tr class=\"row-89\">\n\t<td class=\"column-1\">88<\/td><td class=\"column-2\">Hagigadar<\/td><td class=\"column-3\">s\u00e2mb\u0103t\u0103<\/td><td class=\"column-4\">s\u00e2mb\u0103t\u0103<\/td>\n<\/tr>\n<tr class=\"row-90\">\n\t<td class=\"column-1\">89<\/td><td class=\"column-2\">B-Dul Sofia Vicoveanca<\/td><td class=\"column-3\">s\u00e2mb\u0103t\u0103<\/td><td class=\"column-4\">s\u00e2mb\u0103t\u0103<\/td>\n<\/tr>\n<tr class=\"row-91\">\n\t<td class=\"column-1\">90<\/td><td class=\"column-2\">Viitorului<\/td><td class=\"column-3\">s\u00e2mb\u0103t\u0103<\/td><td class=\"column-4\">s\u00e2mb\u0103t\u0103<\/td>\n<\/tr>\n<tr class=\"row-92\">\n\t<td class=\"column-1\">91<\/td><td class=\"column-2\">Leonard Mociulschi Gral<\/td><td class=\"column-3\">s\u00e2mb\u0103t\u0103<\/td><td class=\"column-4\">s\u00e2mb\u0103t\u0103<\/td>\n<\/tr>\n<tr class=\"row-93\">\n\t<td class=\"column-1\">92<\/td><td class=\"column-2\">M\u0103gurei<\/td><td class=\"column-3\">s\u00e2mb\u0103t\u0103<\/td><td class=\"column-4\">s\u00e2mb\u0103t\u0103<\/td>\n<\/tr>\n<tr class=\"row-94\">\n\t<td class=\"column-1\">93<\/td><td class=\"column-2\">Sta\u021biunii<\/td><td class=\"column-3\">s\u00e2mb\u0103t\u0103<\/td><td class=\"column-4\">s\u00e2mb\u0103t\u0103<\/td>\n<\/tr>\n<tr class=\"row-95\">\n\t<td class=\"column-1\">94<\/td><td class=\"column-2\">Rulmentului<\/td><td class=\"column-3\">s\u00e2mb\u0103t\u0103<\/td><td class=\"column-4\">s\u00e2mb\u0103t\u0103<\/td>\n<\/tr>\n<tr class=\"row-96\">\n\t<td class=\"column-1\">95<\/td><td class=\"column-2\">Obcini Vis-A-Vis De Profi <\/td><td class=\"column-3\">s\u00e2mb\u0103t\u0103<\/td><td class=\"column-4\">s\u00e2mb\u0103t\u0103<\/td>\n<\/tr>\n<tr class=\"row-97\">\n\t<td class=\"column-1\">96<\/td><td class=\"column-2\">Universit\u0103\u021bii<\/td><td class=\"column-3\">s\u00e2mb\u0103t\u0103<\/td><td class=\"column-4\">s\u00e2mb\u0103t\u0103<\/td>\n<\/tr>\n<tr class=\"row-98\">\n\t<td class=\"column-1\">97<\/td><td class=\"column-2\">B-Dul George Enescu<\/td><td class=\"column-3\">s\u00e2mb\u0103t\u0103<\/td><td class=\"column-4\">s\u00e2mb\u0103t\u0103<\/td>\n<\/tr>\n<tr class=\"row-99\">\n\t<td class=\"column-1\">98<\/td><td class=\"column-2\">Aleea Jupiter <\/td><td class=\"column-3\">s\u00e2mb\u0103t\u0103<\/td><td class=\"column-4\">s\u00e2mb\u0103t\u0103<\/td>\n<\/tr>\n<tr class=\"row-100\">\n\t<td class=\"column-1\">99<\/td><td class=\"column-2\">Leca Morariu (Din Centru)<\/td><td class=\"column-3\">s\u00e2mb\u0103t\u0103<\/td><td class=\"column-4\">s\u00e2mb\u0103t\u0103<\/td>\n<\/tr>\n<tr class=\"row-101\">\n\t<td class=\"column-1\">100<\/td><td class=\"column-2\">Bradului (Din Centru)<\/td><td class=\"column-3\">s\u00e2mb\u0103t\u0103<\/td><td class=\"column-4\">s\u00e2mb\u0103t\u0103<\/td>\n<\/tr>\n<tr class=\"row-102\">\n\t<td class=\"column-1\">101<\/td><td class=\"column-2\">Miron Costin (Din Centru)<\/td><td class=\"column-3\">s\u00e2mb\u0103t\u0103<\/td><td class=\"column-4\">s\u00e2mb\u0103t\u0103<\/td>\n<\/tr>\n<tr class=\"row-103\">\n\t<td class=\"column-1\">102<\/td><td class=\"column-2\">Oituz 1 \/ 2 (Din Centru)<\/td><td class=\"column-3\">s\u00e2mb\u0103t\u0103<\/td><td class=\"column-4\">s\u00e2mb\u0103t\u0103<\/td>\n<\/tr>\n<\/tbody>\n<\/table>\n<!-- #tablepress-4 from cache --><\/div>\n\t\t\t\t\t\t<\/div>\n\t\t\t\t<\/div>\n\t\t\t\t\t<\/div>\n\t\t<\/div>\n\t\t\t\t\t<\/div>\n\t\t<\/section>\n\t\t\t\t<\/div>\n\t\t","protected":false},"excerpt":{"rendered":"<p>Urban waste collection program City of Suceava<\/p>\n","protected":false},"author":1,"featured_media":0,"parent":0,"menu_order":0,"comment_status":"closed","ping_status":"closed","template":"","meta":{"site-sidebar-layout":"no-sidebar","site-content-layout":"page-builder","ast-site-content-layout":"default","site-content-style":"default","site-sidebar-style":"default","ast-global-header-display":"","ast-banner-title-visibility":"","ast-main-header-display":"","ast-hfb-above-header-display":"","ast-hfb-below-header-display":"","ast-hfb-mobile-header-display":"","site-post-title":"disabled","ast-breadcrumbs-content":"","ast-featured-img":"disabled","footer-sml-layout":"","ast-disable-related-posts":"","theme-transparent-header-meta":"enabled","adv-header-id-meta":"","stick-header-meta":"","header-above-stick-meta":"","header-main-stick-meta":"","header-below-stick-meta":"","astra-migrate-meta-layouts":"default","ast-page-background-enabled":"default","ast-page-background-meta":{"desktop":{"background-color":"","background-image":"","background-repeat":"repeat","background-position":"center center","background-size":"auto","background-attachment":"scroll","background-type":"","background-media":"","overlay-type":"","overlay-color":"","overlay-opacity":"","overlay-gradient":""},"tablet":{"background-color":"","background-image":"","background-repeat":"repeat","background-position":"center center","background-size":"auto","background-attachment":"scroll","background-type":"","background-media":"","overlay-type":"","overlay-color":"","overlay-opacity":"","overlay-gradient":""},"mobile":{"background-color":"","background-image":"","background-repeat":"repeat","background-position":"center center","background-size":"auto","background-attachment":"scroll","background-type":"","background-media":"","overlay-type":"","overlay-color":"","overlay-opacity":"","overlay-gradient":""}},"ast-content-background-meta":{"desktop":{"background-color":"var(--ast-global-color-5)","background-image":"","background-repeat":"repeat","background-position":"center center","background-size":"auto","background-attachment":"scroll","background-type":"","background-media":"","overlay-type":"","overlay-color":"","overlay-opacity":"","overlay-gradient":""},"tablet":{"background-color":"var(--ast-global-color-5)","background-image":"","background-repeat":"repeat","background-position":"center center","background-size":"auto","background-attachment":"scroll","background-type":"","background-media":"","overlay-type":"","overlay-color":"","overlay-opacity":"","overlay-gradient":""},"mobile":{"background-color":"var(--ast-global-color-5)","background-image":"","background-repeat":"repeat","background-position":"center center","background-size":"auto","background-attachment":"scroll","background-type":"","background-media":"","overlay-type":"","overlay-color":"","overlay-opacity":"","overlay-gradient":""}},"footnotes":""},"class_list":["post-1313","page","type-page","status-publish","hentry"],"aioseo_notices":[],"_links":{"self":[{"href":"https:\/\/ritmic-com.ro\/en\/wp-json\/wp\/v2\/pages\/1313","targetHints":{"allow":["GET"]}}],"collection":[{"href":"https:\/\/ritmic-com.ro\/en\/wp-json\/wp\/v2\/pages"}],"about":[{"href":"https:\/\/ritmic-com.ro\/en\/wp-json\/wp\/v2\/types\/page"}],"author":[{"embeddable":true,"href":"https:\/\/ritmic-com.ro\/en\/wp-json\/wp\/v2\/users\/1"}],"replies":[{"embeddable":true,"href":"https:\/\/ritmic-com.ro\/en\/wp-json\/wp\/v2\/comments?post=1313"}],"version-history":[{"count":4,"href":"https:\/\/ritmic-com.ro\/en\/wp-json\/wp\/v2\/pages\/1313\/revisions"}],"predecessor-version":[{"id":1519,"href":"https:\/\/ritmic-com.ro\/en\/wp-json\/wp\/v2\/pages\/1313\/revisions\/1519"}],"wp:attachment":[{"href":"https:\/\/ritmic-com.ro\/en\/wp-json\/wp\/v2\/media?parent=1313"}],"curies":[{"name":"wp","href":"https:\/\/api.w.org\/{rel}","templated":true}]}}